{"id":2,"date":"2011-12-29T21:50:40","date_gmt":"2011-12-29T21:50:40","guid":{"rendered":"http:\/\/www.idoiarecuenco.com\/blog\/?page_id=2"},"modified":"2021-01-30T21:39:56","modified_gmt":"2021-01-30T21:39:56","slug":"bio","status":"publish","type":"page","link":"http:\/\/www.idoiarecuenco.com\/blog\/bio\/","title":{"rendered":"Una mica sobre mi"},"content":{"rendered":"\n<div class=\"wp-block-image\"><figure class=\"alignright size-large is-resized\"><img decoding=\"async\" loading=\"lazy\" src=\"http:\/\/www.idoiarecuenco.com\/blog\/wp-content\/uploads\/2021\/01\/IMG_9517-1-1024x1024.jpg\" alt=\"\" class=\"wp-image-2706\" width=\"326\" height=\"326\" title=\"idoia-recuenco\" srcset=\"http:\/\/www.idoiarecuenco.com\/blog\/wp-content\/uploads\/2021\/01\/IMG_9517-1-1024x1024.jpg 1024w, http:\/\/www.idoiarecuenco.com\/blog\/wp-content\/uploads\/2021\/01\/IMG_9517-1-300x300.jpg 300w, http:\/\/www.idoiarecuenco.com\/blog\/wp-content\/uploads\/2021\/01\/IMG_9517-1-150x150.jpg 150w, http:\/\/www.idoiarecuenco.com\/blog\/wp-content\/uploads\/2021\/01\/IMG_9517-1-768x768.jpg 768w, http:\/\/www.idoiarecuenco.com\/blog\/wp-content\/uploads\/2021\/01\/IMG_9517-1-1536x1536.jpg 1536w, http:\/\/www.idoiarecuenco.com\/blog\/wp-content\/uploads\/2021\/01\/IMG_9517-1.jpg 2000w\" sizes=\"(max-width: 326px) 100vw, 326px\" \/><\/figure><\/div>\n\n\n\n<p class=\"has-text-align-left\"><span style=\"font-size: inherit; text-align: justify;\">Emmarcar el m\u00f3n, aix\u00f2 \u00e9s per a mi la fotografia. Una forma de relacionar-me amb el que m&#8217;envolta, de filtrar la vida a trav\u00e9s d&#8217;una lent; de captar l&#8217;instant que fuig perqu\u00e8 no es perdi.<\/span><\/p>\n\n\n\n<div>\n<p style=\"text-align: justify;\">Des de sempre vaig saber que volia ser fot\u00f2grafa; ja de ben petita, em vaig sentir atreta per la fotografia i per les imatges. Als meus pares els agradava molt viatjar, aix\u00ed que vaig aprendre a veure el m\u00f3n emmarcat per la finestreta del cotxe. Es podria dir que la meva mare era una gran fot\u00f2grafa amateur, i als 14 anys, durant un viatge, li vaig agafar la seva c\u00e0mara reflex i ja mai m\u00e9s me&#8217;n&nbsp; vaig desfer.<\/p>\n<p style=\"text-align: justify;\">Vaig estudiar fotografia a Barcelona i arran d&#8217;una col\u00b7laboraci\u00f3 amb una ONG a Guatemala, vaig realitzar el meu primer reportage social.<\/p>\n<p style=\"text-align: justify;\">M&#8217;encanta viatjar amb les meves c\u00e0mares, fotografiar la gent que conec, la llum, els paisatges, els perfils,&nbsp;all\u00f2 que canvia&#8230;<\/p>\n<p style=\"text-align: justify;\">Em considero una fot\u00f2grafa de retrats; per mi \u00e9s una manera de connectar amb la gent, de relacionar-m&#8217;hi&#8230; Em vaig especialitzar en reportatges socials, ja que \u00e9s una forma de captar la realitat que m&#8217;envolta.<\/p>\n<p style=\"text-align: justify;\">A dia d&#8217;avui, s\u00f3c una fot\u00f2grafa professional dedicada sobretot a bodes i retrats. Els casaments s\u00f3n dies especials, on la fam\u00edlia i els amics es reuneixen per celebrar l&#8217;amor d&#8217;una parella. M&#8217;apassiona copsar la felicitat d&#8217;aquest dia, els moments \u00fanics i ajudar a la creaci\u00f3 de records.<\/p>\n<p style=\"text-align: justify;\">Retratar a les persones \u00e9s una altra de les meves passions; sobretot &nbsp;en el seu \u00e0mbit familiar, en un entorn natural. Les meves fotografies s\u00f3n \u00edntimes i sinceres, busco l&#8217;espontane\u00eftat i la&nbsp;naturalitat. Per aix\u00f2 m&#8217;agrada fotografiar nens: s\u00f3n alegres i innocents, aut\u00e8ntics davant la c\u00e0mera.<\/p>\n<p style=\"text-align: justify;\">Aqu\u00ed&nbsp;podr\u00e0s&nbsp;trobar les meves feines m\u00e9s recents, all\u00f2 que m\u00e9s m&#8217;inspira. Espero que us agradi.<\/p>\n<p style=\"text-align: justify;\">idoia<\/p>\n<p style=\"text-align: justify;\">\n<\/p><p style=\"text-align: justify;\">\n<\/p><p style=\"text-align: justify;\">\n<\/p><p style=\"text-align: justify;\">\n<\/p><p style=\"text-align: justify;\">\n<\/p><\/div>\n","protected":false},"excerpt":{"rendered":"<p>Emmarcar [&hellip;]<\/p>\n","protected":false},"author":1,"featured_media":0,"parent":0,"menu_order":0,"comment_status":"closed","ping_status":"closed","template":"","meta":{"ngg_post_thumbnail":0},"_links":{"self":[{"href":"http:\/\/www.idoiarecuenco.com\/blog\/wp-json\/wp\/v2\/pages\/2"}],"collection":[{"href":"http:\/\/www.idoiarecuenco.com\/blog\/wp-json\/wp\/v2\/pages"}],"about":[{"href":"http:\/\/www.idoiarecuenco.com\/blog\/wp-json\/wp\/v2\/types\/page"}],"author":[{"embeddable":true,"href":"http:\/\/www.idoiarecuenco.com\/blog\/wp-json\/wp\/v2\/users\/1"}],"replies":[{"embeddable":true,"href":"http:\/\/www.idoiarecuenco.com\/blog\/wp-json\/wp\/v2\/comments?post=2"}],"version-history":[{"count":55,"href":"http:\/\/www.idoiarecuenco.com\/blog\/wp-json\/wp\/v2\/pages\/2\/revisions"}],"predecessor-version":[{"id":2707,"href":"http:\/\/www.idoiarecuenco.com\/blog\/wp-json\/wp\/v2\/pages\/2\/revisions\/2707"}],"wp:attachment":[{"href":"http:\/\/www.idoiarecuenco.com\/blog\/wp-json\/wp\/v2\/media?parent=2"}],"curies":[{"name":"wp","href":"https:\/\/api.w.org\/{rel}","templated":true}]}}