{"id":2692,"date":"2021-01-29T17:19:44","date_gmt":"2021-01-29T17:19:44","guid":{"rendered":"http:\/\/www.idoiarecuenco.com\/blog\/?page_id=2692"},"modified":"2021-01-31T18:13:38","modified_gmt":"2021-01-31T18:13:38","slug":"contacte-2","status":"publish","type":"page","link":"http:\/\/www.idoiarecuenco.com\/blog\/contacte-2\/","title":{"rendered":""},"content":{"rendered":"\n<p>Per m\u00e9s informaci\u00f3 sobre altres tipus de treballs, preus i condicions, envieu-me un mail. Estar\u00e9 encantada de respondre-us.<\/p>\n\n\n\n<div class=\"wpcf7 no-js\" id=\"wpcf7-f2694-o1\" lang=\"ca\" dir=\"ltr\">\n<div class=\"screen-reader-response\"><p role=\"status\" aria-live=\"polite\" aria-atomic=\"true\"><\/p> <ul><\/ul><\/div>\n<form action=\"\/blog\/wp-json\/wp\/v2\/pages\/2692#wpcf7-f2694-o1\" method=\"post\" class=\"wpcf7-form init\" aria-label=\"Formulari de contacte\" novalidate=\"novalidate\" data-status=\"init\">\n<div style=\"display: none;\">\n<input type=\"hidden\" name=\"_wpcf7\" value=\"2694\" \/>\n<input type=\"hidden\" name=\"_wpcf7_version\" value=\"5.7.6\" \/>\n<input type=\"hidden\" name=\"_wpcf7_locale\" value=\"ca\" \/>\n<input type=\"hidden\" name=\"_wpcf7_unit_tag\" value=\"wpcf7-f2694-o1\" \/>\n<input type=\"hidden\" name=\"_wpcf7_container_post\" value=\"0\" \/>\n<input type=\"hidden\" name=\"_wpcf7_posted_data_hash\" value=\"\" \/>\n<input type=\"hidden\" name=\"_wpcf7_recaptcha_response\" value=\"\" \/>\n<\/div>\n<p><label> nom<br \/>\n<span class=\"wpcf7-form-control-wrap\" data-name=\"your-name\"><input size=\"40\" class=\"wpcf7-form-control wpcf7-text wpcf7-validates-as-required\" aria-required=\"true\" aria-invalid=\"false\" value=\"\" type=\"text\" name=\"your-name\" \/><\/span> <\/label>\n<\/p>\n<p><label> mail<br \/>\n<span class=\"wpcf7-form-control-wrap\" data-name=\"your-email\"><input size=\"40\" class=\"wpcf7-form-control wpcf7-text wpcf7-email wpcf7-validates-as-required wpcf7-validates-as-email\" aria-required=\"true\" aria-invalid=\"false\" value=\"\" type=\"email\" name=\"your-email\" \/><\/span> <\/label>\n<\/p>\n<p><label> assumpte<br \/>\n<span class=\"wpcf7-form-control-wrap\" data-name=\"your-subject\"><input size=\"40\" class=\"wpcf7-form-control wpcf7-text wpcf7-validates-as-required\" aria-required=\"true\" aria-invalid=\"false\" value=\"\" type=\"text\" name=\"your-subject\" \/><\/span> <\/label>\n<\/p>\n<p><label> missatge<br \/>\n<span class=\"wpcf7-form-control-wrap\" data-name=\"your-message\"><textarea cols=\"40\" rows=\"10\" class=\"wpcf7-form-control wpcf7-textarea wpcf7-validates-as-required\" aria-required=\"true\" aria-invalid=\"false\" name=\"your-message\"><\/textarea><\/span> <\/label>\n<\/p>\n<p><input class=\"wpcf7-form-control has-spinner wpcf7-submit\" type=\"submit\" value=\"enviar\" \/>\n<\/p><div class=\"wpcf7-response-output\" aria-hidden=\"true\"><\/div>\n<\/form>\n<\/div>\n\n\n\n\n<figure class=\"wp-block-image size-large is-style-default\"><a href=\"http:\/\/www.idoiarecuenco.com\/blog\/wp-content\/uploads\/2021\/01\/20180929_0663.jpg\"><img decoding=\"async\" loading=\"lazy\" width=\"1024\" height=\"542\" src=\"http:\/\/www.idoiarecuenco.com\/blog\/wp-content\/uploads\/2021\/01\/20180929_0663-1024x542.jpg\" alt=\"\" class=\"wp-image-2700\" srcset=\"http:\/\/www.idoiarecuenco.com\/blog\/wp-content\/uploads\/2021\/01\/20180929_0663-1024x542.jpg 1024w, http:\/\/www.idoiarecuenco.com\/blog\/wp-content\/uploads\/2021\/01\/20180929_0663-300x159.jpg 300w, http:\/\/www.idoiarecuenco.com\/blog\/wp-content\/uploads\/2021\/01\/20180929_0663-768x406.jpg 768w, http:\/\/www.idoiarecuenco.com\/blog\/wp-content\/uploads\/2021\/01\/20180929_0663-1536x813.jpg 1536w, http:\/\/www.idoiarecuenco.com\/blog\/wp-content\/uploads\/2021\/01\/20180929_0663.jpg 2000w\" sizes=\"(max-width: 1024px) 100vw, 1024px\" \/><\/a><\/figure>\n","protected":false},"excerpt":{"rendered":"<p>Per [&hellip;]<\/p>\n","protected":false},"author":1,"featured_media":0,"parent":0,"menu_order":0,"comment_status":"closed","ping_status":"closed","template":"","meta":{"ngg_post_thumbnail":0},"_links":{"self":[{"href":"http:\/\/www.idoiarecuenco.com\/blog\/wp-json\/wp\/v2\/pages\/2692"}],"collection":[{"href":"http:\/\/www.idoiarecuenco.com\/blog\/wp-json\/wp\/v2\/pages"}],"about":[{"href":"http:\/\/www.idoiarecuenco.com\/blog\/wp-json\/wp\/v2\/types\/page"}],"author":[{"embeddable":true,"href":"http:\/\/www.idoiarecuenco.com\/blog\/wp-json\/wp\/v2\/users\/1"}],"replies":[{"embeddable":true,"href":"http:\/\/www.idoiarecuenco.com\/blog\/wp-json\/wp\/v2\/comments?post=2692"}],"version-history":[{"count":5,"href":"http:\/\/www.idoiarecuenco.com\/blog\/wp-json\/wp\/v2\/pages\/2692\/revisions"}],"predecessor-version":[{"id":2721,"href":"http:\/\/www.idoiarecuenco.com\/blog\/wp-json\/wp\/v2\/pages\/2692\/revisions\/2721"}],"wp:attachment":[{"href":"http:\/\/www.idoiarecuenco.com\/blog\/wp-json\/wp\/v2\/media?parent=2692"}],"curies":[{"name":"wp","href":"https:\/\/api.w.org\/{rel}","templated":true}]}}